{"id":120,"date":"2022-12-19T12:59:20","date_gmt":"2022-12-19T11:59:20","guid":{"rendered":"https:\/\/abonnements.roadbook-magazine.ch\/produit\/abonnement-roadbook-magazine-switzerland\/"},"modified":"2025-03-31T12:04:46","modified_gmt":"2025-03-31T10:04:46","slug":"abonnement-1-jahr-roadbook-magazine","status":"publish","type":"product","link":"https:\/\/abonnements.roadbook-magazine.ch\/de\/produit\/abonnement-1-jahr-roadbook-magazine\/","title":{"rendered":"Abonnement Roadbook Magazine Switzerland"},"content":{"rendered":"<p><strong>4 Ausgaben pro Jahr<\/strong><\/p>\n<p><strong>Gr\u00f6\u00dfe:<\/strong> 275 X 343 mm<\/p>\n<p><strong>S<\/strong><strong>eiten:<\/strong> 108 pro Ausgabe<\/p>\n<p>Das Magazin ist komplett zweisprachig Deutsch\/Franz\u00f6sisch.<\/p>\n<p>CHF79.00 \/ Jahr<\/p>\n","protected":false},"excerpt":{"rendered":"<p>Ein hochwertiges Magazin f\u00fcr alle, die einen Kult um au\u00dfergew\u00f6hnliche Automobile und ihre Nebenleidenschaften wie Motorr\u00e4der, Uhren oder Reisen haben. Die Neugierde aller mechanischen Dinge; die Mechanik der Neugier. Eine Lebenskunst, die all die Menschen zelebriert, die hinter den Autos, Maschinen und ihrer Geschichte stehen.<\/p>\n","protected":false},"featured_media":117,"template":"","meta":[],"product_cat":[28],"product_tag":[],"class_list":["post-120","product","type-product","status-publish","has-post-thumbnail","hentry","product_cat-non-classe-de"],"yoast_head":"<!-- This site is optimized with the Yoast SEO plugin v19.13 - https:\/\/yoast.com\/wordpress\/plugins\/seo\/ -->\n<title>Abonnement Roadbook Magazine Switzerland - Abonnement \u00e0 Roadbook-Magazine<\/title>\n<meta name=\"robots\" content=\"index, follow, max-snippet:-1, max-image-preview:large, max-video-preview:-1\" \/>\n<link rel=\"canonical\" href=\"https:\/\/abonnements.roadbook-magazine.ch\/de\/produit\/abonnement-1-jahr-roadbook-magazine\/\" \/>\n<meta property=\"og:locale\" content=\"de_DE\" \/>\n<meta property=\"og:type\" content=\"article\" \/>\n<meta property=\"og:title\" content=\"Abonnement Roadbook Magazine Switzerland - Abonnement \u00e0 Roadbook-Magazine\" \/>\n<meta property=\"og:description\" content=\"Ein hochwertiges Magazin f\u00fcr alle, die einen Kult um au\u00dfergew\u00f6hnliche Automobile und ihre Nebenleidenschaften wie Motorr\u00e4der, Uhren oder Reisen haben. Die Neugierde aller mechanischen Dinge; die Mechanik der Neugier. Eine Lebenskunst, die all die Menschen zelebriert, die hinter den Autos, Maschinen und ihrer Geschichte stehen.\" \/>\n<meta property=\"og:url\" content=\"https:\/\/abonnements.roadbook-magazine.ch\/de\/produit\/abonnement-1-jahr-roadbook-magazine\/\" \/>\n<meta property=\"og:site_name\" content=\"Abonnement \u00e0 Roadbook-Magazine\" \/>\n<meta property=\"article:modified_time\" content=\"2025-03-31T10:04:46+00:00\" \/>\n<meta property=\"og:image\" content=\"https:\/\/abonnements.roadbook-magazine.ch\/wp-content\/uploads\/2022\/12\/Capture-decran-2022-12-19-a-14.20.31.png\" \/>\n\t<meta property=\"og:image:width\" content=\"1075\" \/>\n\t<meta property=\"og:image:height\" content=\"1340\" \/>\n\t<meta property=\"og:image:type\" content=\"image\/png\" \/>\n<meta name=\"twitter:card\" content=\"summary_large_image\" \/>\n<meta name=\"twitter:label1\" content=\"Gesch\u00e4tzte Lesezeit\" \/>\n\t<meta name=\"twitter:data1\" content=\"1\u00a0Minute\" \/>\n<script type=\"application\/ld+json\" class=\"yoast-schema-graph\">{\"@context\":\"https:\/\/schema.org\",\"@graph\":[{\"@type\":\"WebPage\",\"@id\":\"https:\/\/abonnements.roadbook-magazine.ch\/de\/produit\/abonnement-1-jahr-roadbook-magazine\/\",\"url\":\"https:\/\/abonnements.roadbook-magazine.ch\/de\/produit\/abonnement-1-jahr-roadbook-magazine\/\",\"name\":\"Abonnement Roadbook Magazine Switzerland - Abonnement \u00e0 Roadbook-Magazine\",\"isPartOf\":{\"@id\":\"https:\/\/abonnements.roadbook-magazine.ch\/#website\"},\"datePublished\":\"2022-12-19T11:59:20+00:00\",\"dateModified\":\"2025-03-31T10:04:46+00:00\",\"breadcrumb\":{\"@id\":\"https:\/\/abonnements.roadbook-magazine.ch\/de\/produit\/abonnement-1-jahr-roadbook-magazine\/#breadcrumb\"},\"inLanguage\":\"de\",\"potentialAction\":[{\"@type\":\"ReadAction\",\"target\":[\"https:\/\/abonnements.roadbook-magazine.ch\/de\/produit\/abonnement-1-jahr-roadbook-magazine\/\"]}]},{\"@type\":\"BreadcrumbList\",\"@id\":\"https:\/\/abonnements.roadbook-magazine.ch\/de\/produit\/abonnement-1-jahr-roadbook-magazine\/#breadcrumb\",\"itemListElement\":[{\"@type\":\"ListItem\",\"position\":1,\"name\":\"Accueil\",\"item\":\"https:\/\/abonnements.roadbook-magazine.ch\/de\/shop\/\"},{\"@type\":\"ListItem\",\"position\":2,\"name\":\"Shop\",\"item\":\"https:\/\/abonnements.roadbook-magazine.ch\/de\/shop\/\"},{\"@type\":\"ListItem\",\"position\":3,\"name\":\"Abonnement Roadbook Magazine Switzerland\"}]},{\"@type\":\"WebSite\",\"@id\":\"https:\/\/abonnements.roadbook-magazine.ch\/#website\",\"url\":\"https:\/\/abonnements.roadbook-magazine.ch\/\",\"name\":\"Abonnement \u00e0 Roadbook-Magazine\",\"description\":\"Abonnez-vous \u00e0 Roadbook-Magazine Swiss!\",\"publisher\":{\"@id\":\"https:\/\/abonnements.roadbook-magazine.ch\/#organization\"},\"potentialAction\":[{\"@type\":\"SearchAction\",\"target\":{\"@type\":\"EntryPoint\",\"urlTemplate\":\"https:\/\/abonnements.roadbook-magazine.ch\/?s={search_term_string}\"},\"query-input\":\"required name=search_term_string\"}],\"inLanguage\":\"de\"},{\"@type\":\"Organization\",\"@id\":\"https:\/\/abonnements.roadbook-magazine.ch\/#organization\",\"name\":\"Abonnement \u00e0 Roadbook-Magazine\",\"url\":\"https:\/\/abonnements.roadbook-magazine.ch\/\",\"logo\":{\"@type\":\"ImageObject\",\"inLanguage\":\"de\",\"@id\":\"https:\/\/abonnements.roadbook-magazine.ch\/#\/schema\/logo\/image\/\",\"url\":\"https:\/\/abonnements.roadbook-magazine.ch\/wp-content\/uploads\/2022\/12\/logo-footer.png\",\"contentUrl\":\"https:\/\/abonnements.roadbook-magazine.ch\/wp-content\/uploads\/2022\/12\/logo-footer.png\",\"width\":400,\"height\":56,\"caption\":\"Abonnement \u00e0 Roadbook-Magazine\"},\"image\":{\"@id\":\"https:\/\/abonnements.roadbook-magazine.ch\/#\/schema\/logo\/image\/\"}}]}<\/script>\n<!-- \/ Yoast SEO plugin. -->","yoast_head_json":{"title":"Abonnement Roadbook Magazine Switzerland - Abonnement \u00e0 Roadbook-Magazine","robots":{"index":"index","follow":"follow","max-snippet":"max-snippet:-1","max-image-preview":"max-image-preview:large","max-video-preview":"max-video-preview:-1"},"canonical":"https:\/\/abonnements.roadbook-magazine.ch\/de\/produit\/abonnement-1-jahr-roadbook-magazine\/","og_locale":"de_DE","og_type":"article","og_title":"Abonnement Roadbook Magazine Switzerland - Abonnement \u00e0 Roadbook-Magazine","og_description":"Ein hochwertiges Magazin f\u00fcr alle, die einen Kult um au\u00dfergew\u00f6hnliche Automobile und ihre Nebenleidenschaften wie Motorr\u00e4der, Uhren oder Reisen haben. Die Neugierde aller mechanischen Dinge; die Mechanik der Neugier. Eine Lebenskunst, die all die Menschen zelebriert, die hinter den Autos, Maschinen und ihrer Geschichte stehen.","og_url":"https:\/\/abonnements.roadbook-magazine.ch\/de\/produit\/abonnement-1-jahr-roadbook-magazine\/","og_site_name":"Abonnement \u00e0 Roadbook-Magazine","article_modified_time":"2025-03-31T10:04:46+00:00","og_image":[{"width":1075,"height":1340,"url":"https:\/\/abonnements.roadbook-magazine.ch\/wp-content\/uploads\/2022\/12\/Capture-decran-2022-12-19-a-14.20.31.png","type":"image\/png"}],"twitter_card":"summary_large_image","twitter_misc":{"Gesch\u00e4tzte Lesezeit":"1\u00a0Minute"},"schema":{"@context":"https:\/\/schema.org","@graph":[{"@type":"WebPage","@id":"https:\/\/abonnements.roadbook-magazine.ch\/de\/produit\/abonnement-1-jahr-roadbook-magazine\/","url":"https:\/\/abonnements.roadbook-magazine.ch\/de\/produit\/abonnement-1-jahr-roadbook-magazine\/","name":"Abonnement Roadbook Magazine Switzerland - Abonnement \u00e0 Roadbook-Magazine","isPartOf":{"@id":"https:\/\/abonnements.roadbook-magazine.ch\/#website"},"datePublished":"2022-12-19T11:59:20+00:00","dateModified":"2025-03-31T10:04:46+00:00","breadcrumb":{"@id":"https:\/\/abonnements.roadbook-magazine.ch\/de\/produit\/abonnement-1-jahr-roadbook-magazine\/#breadcrumb"},"inLanguage":"de","potentialAction":[{"@type":"ReadAction","target":["https:\/\/abonnements.roadbook-magazine.ch\/de\/produit\/abonnement-1-jahr-roadbook-magazine\/"]}]},{"@type":"BreadcrumbList","@id":"https:\/\/abonnements.roadbook-magazine.ch\/de\/produit\/abonnement-1-jahr-roadbook-magazine\/#breadcrumb","itemListElement":[{"@type":"ListItem","position":1,"name":"Accueil","item":"https:\/\/abonnements.roadbook-magazine.ch\/de\/shop\/"},{"@type":"ListItem","position":2,"name":"Shop","item":"https:\/\/abonnements.roadbook-magazine.ch\/de\/shop\/"},{"@type":"ListItem","position":3,"name":"Abonnement Roadbook Magazine Switzerland"}]},{"@type":"WebSite","@id":"https:\/\/abonnements.roadbook-magazine.ch\/#website","url":"https:\/\/abonnements.roadbook-magazine.ch\/","name":"Abonnement \u00e0 Roadbook-Magazine","description":"Abonnez-vous \u00e0 Roadbook-Magazine Swiss!","publisher":{"@id":"https:\/\/abonnements.roadbook-magazine.ch\/#organization"},"potentialAction":[{"@type":"SearchAction","target":{"@type":"EntryPoint","urlTemplate":"https:\/\/abonnements.roadbook-magazine.ch\/?s={search_term_string}"},"query-input":"required name=search_term_string"}],"inLanguage":"de"},{"@type":"Organization","@id":"https:\/\/abonnements.roadbook-magazine.ch\/#organization","name":"Abonnement \u00e0 Roadbook-Magazine","url":"https:\/\/abonnements.roadbook-magazine.ch\/","logo":{"@type":"ImageObject","inLanguage":"de","@id":"https:\/\/abonnements.roadbook-magazine.ch\/#\/schema\/logo\/image\/","url":"https:\/\/abonnements.roadbook-magazine.ch\/wp-content\/uploads\/2022\/12\/logo-footer.png","contentUrl":"https:\/\/abonnements.roadbook-magazine.ch\/wp-content\/uploads\/2022\/12\/logo-footer.png","width":400,"height":56,"caption":"Abonnement \u00e0 Roadbook-Magazine"},"image":{"@id":"https:\/\/abonnements.roadbook-magazine.ch\/#\/schema\/logo\/image\/"}}]}},"_links":{"self":[{"href":"https:\/\/abonnements.roadbook-magazine.ch\/de\/wp-json\/wp\/v2\/product\/120","targetHints":{"allow":["GET"]}}],"collection":[{"href":"https:\/\/abonnements.roadbook-magazine.ch\/de\/wp-json\/wp\/v2\/product"}],"about":[{"href":"https:\/\/abonnements.roadbook-magazine.ch\/de\/wp-json\/wp\/v2\/types\/product"}],"wp:featuredmedia":[{"embeddable":true,"href":"https:\/\/abonnements.roadbook-magazine.ch\/de\/wp-json\/wp\/v2\/media\/117"}],"wp:attachment":[{"href":"https:\/\/abonnements.roadbook-magazine.ch\/de\/wp-json\/wp\/v2\/media?parent=120"}],"wp:term":[{"taxonomy":"product_cat","embeddable":true,"href":"https:\/\/abonnements.roadbook-magazine.ch\/de\/wp-json\/wp\/v2\/product_cat?post=120"},{"taxonomy":"product_tag","embeddable":true,"href":"https:\/\/abonnements.roadbook-magazine.ch\/de\/wp-json\/wp\/v2\/product_tag?post=120"}],"curies":[{"name":"wp","href":"https:\/\/api.w.org\/{rel}","templated":true}]}}