{"id":165,"date":"2022-12-19T11:34:44","date_gmt":"2022-12-19T10:34:44","guid":{"rendered":"https:\/\/abonnements.roadbook-magazine.ch\/datenschutzrichtlinie\/"},"modified":"2023-01-06T09:43:38","modified_gmt":"2023-01-06T08:43:38","slug":"datenschutzrichtlinie","status":"publish","type":"page","link":"https:\/\/abonnements.roadbook-magazine.ch\/de\/datenschutzrichtlinie\/","title":{"rendered":"Datenschutzrichtlinie"},"content":{"rendered":"\n<p>Roadbook-Magazine.ch nimmt den Umgang mit Daten sehr ernst. Wir verpflichten uns, das h\u00f6chste Schutzniveau f\u00fcr Ihre pers\u00f6nlichen Daten in \u00dcbereinstimmung mit dem Schweizer Gesetz und den geltenden europ\u00e4ischen Vorschriften zu gew\u00e4hrleisten.<\/p>\n\n<h4 class=\"wp-block-heading\">Wer verarbeitet Ihre Daten?<\/h4>\n\n<p>Die gesammelten pers\u00f6nlichen Daten werden von Roadbook-Magazine.ch gespeichert und verarbeitet,<br\/>2 March\u00e9s 13, 1005 Lausanne (nachfolgend Roadbook-Magazine.ch genannt).<\/p>\n\n<h4 class=\"wp-block-heading\">Um welche Daten handelt es sich?<\/h4>\n\n<p>Hierbei handelt es sich um die Daten, die Sie Roadbook-Magazine.ch im Rahmen eines Online-Kaufs mitteilen. Dies betrifft auch die pers\u00f6nlichen Daten, die Sie bei der Erstellung oder Aktivierung Ihres Kontos auf der Website www.abonnements.roadbook-magazine.ch angeben.<br\/><br\/>Ob die Daten obligatorisch oder fakultativ sind, wird Ihnen bei der Erhebung durch ein Sternchen (*) angezeigt. Einige Daten werden automatisch aufgrund Ihrer Handlungen auf der Website gesammelt.<br\/><br\/>Beispiele f\u00fcr die Daten, die wir sammeln :<br\/>Name, Vorname, Postanschrift, E-Mail-Adresse, Telefonnummer, Geschlecht, Geburtsdatum, Bestellverlauf, Verlauf von Vorg\u00e4ngen im Zusammenhang mit unserem Kundendienst, &#8230;<\/p>\n\n<h4 class=\"wp-block-heading\">Zu welchem Zweck werden Ihre Daten verarbeitet?<\/h4>\n\n<p>Roadbook-Magazine.ch erhebt und verarbeitet Ihre Daten zu bestimmten, gesetzlich vorgeschriebenen Zwecken. Die Verarbeitung Ihrer Daten erfolgt gr\u00f6\u00dftenteils im Rahmen des zwischen Ihnen und Roadbook-Magazine.ch geschlossenen Kaufvertrags. Einige Verarbeitungen erfolgen dann zur Erf\u00fcllung berechtigter Interessen, auf der Grundlage Ihrer Einwilligung oder aufgrund gesetzlicher Verpflichtungen (wie z. B. unsere Steuer- oder Buchhaltungspflichten).<br\/><br\/>Ihre Daten werden zu folgenden Zwecken verarbeitet:<br\/>&#8211; Ihre Bestellungen zu verwalten und Ihnen die von Ihnen angeforderten Dienstleistungen zu erbringen, wie z. B. die Aktivierung und Verwaltung Ihres Abonnements f\u00fcr unsere Zeitschrift.<br\/>&#8211; Um Ihnen Informationen zu senden :<\/p>\n\n<ul class=\"wp-block-list\">\n<li>Im Anschluss an eine Bestellung oder im Rahmen der Nachverfolgung eines Vertrags durch Informationsmitteilungen (Auftragsbest\u00e4tigung).  <\/li>\n\n\n\n<li>Um Sie zu beraten und Ihnen Produkte vorzuschlagen, die mit Ihren Eink\u00e4ufen in Zusammenhang stehen.  <\/li>\n\n\n\n<li>Um Sie \u00fcber Neuheiten auf dem Laufenden zu halten und Ihnen interessante Produktinformationen mitzuteilen.  <\/li>\n<\/ul>\n\n<p><br\/>Selbstverst\u00e4ndlich k\u00f6nnen Sie sich jederzeit gegen die Zusendung von E-Mails zu Werbezwecken entscheiden, indem Sie auf den Abmeldelink am Ende unserer E-Mails klicken. Sie k\u00f6nnen uns Ihre Anfrage auch per E-Mail an die E-Mail-Adresse contact@roadbook-magazine.ch senden.<br\/><br\/>&#8211; Personalisierung und Verbesserung unserer Dienstleistungen und unserer Kommunikation. Wir verwenden Ihre Daten, um Ihre Erwartungen besser kennen zu lernen und bestimmte Nachrichten, die wir an Sie richten, so auszurichten, dass sie so relevant wie m\u00f6glich sind. So k\u00f6nnen wir z. B. Ihre Surf- oder Kaufhistorie nutzen, um Ihnen Produkte anzubieten, die Sie interessieren k\u00f6nnten.<br\/>&#8211; Die Erstellung und Verwaltung Ihres Kontos. Diese Daten werden verwendet, um Ihnen die Navigation auf unseren Webseiten und Ihre Online-Bestellungen zu erleichtern, indem Sie Ihre pers\u00f6nlichen Daten im Bestellformular vorab ausf\u00fcllen.<br\/>&#8211; Die Durchf\u00fchrung von Studien. Wir k\u00f6nnen Ihre Daten anonymisiert verwenden, um Statistiken und Berichte \u00fcber die Nutzung unserer Dienste und den Verkauf unserer Produkte zu erstellen.<\/p>\n\n<h4 class=\"wp-block-heading\">Wie lange werden meine Daten gespeichert?<\/h4>\n\n<p>Der Zeitraum, f\u00fcr den Ihre Daten gespeichert werden, kann je nach Ihrem letzten Kontakt mit Roadbook-Magazine.ch variieren. Wir l\u00f6schen Ihre Daten nach drei Jahren der Inaktivit\u00e4t auf unserer Website.<\/p>\n\n<h4 class=\"wp-block-heading\">Werden meine Daten an Dritte weitergegeben?<\/h4>\n\n<p>Ihre Daten werden nur intern f\u00fcr die Verwaltung Ihrer Abonnements weitergegeben. Sie werden in keinem Fall weitergeleitet.<\/p>\n\n<h4 class=\"wp-block-heading\">Welche Rechte habe ich in Bezug auf meine pers\u00f6nlichen Daten?<\/h4>\n\n<p>Als Verbraucher haben Sie jederzeit das Recht, die \u00fcber Sie gespeicherten personenbezogenen Daten einzusehen. Sie haben das Recht, unrichtige oder veraltete Daten zu \u00e4ndern oder zu l\u00f6schen, und das Recht, sich der Verarbeitung Ihrer personenbezogenen Daten zu widersetzen. Sie k\u00f6nnen auch Ihr Recht auf Vergessenwerden oder auf \u00dcbertragbarkeit Ihrer Daten aus\u00fcben. Schicken Sie uns dazu Ihre Anfrage an die E-Mail-Adresse contact@roadbook-magazine.ch.<br\/><br\/>Sie k\u00f6nnen sich jederzeit gegen die Zusendung von E-Mails zu Werbezwecken entscheiden, indem Sie auf den Abmeldelink am Ende unserer E-Mails klicken. Sie k\u00f6nnen uns Ihre Anfrage auch per E-Mail an die E-Mail-Adresse contact@roadbook-magazine.ch schicken.<br\/><br\/>Im Falle einer Beschwerde \u00fcber die Aus\u00fcbung Ihrer Rechte nehmen Sie bitte \u00fcber die oben genannte E-Mail-Adresse Kontakt mit uns auf.<\/p>\n\n<h4 class=\"wp-block-heading\">An wen kann ich mich wenden, wenn ich Fragen oder Anmerkungen habe?<\/h4>\n\n<p>Um eine kostenlose Kopie dieser Datenschutzerkl\u00e4rung zu erhalten oder wenn Sie Fragen zur Verarbeitung Ihrer pers\u00f6nlichen Daten haben, k\u00f6nnen Sie Roadbook-Magazine.ch per E-Mail unter contact@roadbook-magazine.ch oder unter der unten angegebenen Adresse kontaktieren.<br\/><br\/>Roadbook-Magazin<br\/>2 M\u00e4rkte 13<\/p>\n\n<p>1005 Lausanne<\/p>\n\n<p>Schweiz<\/p>\n\n<h4 class=\"wp-block-heading\">Kann diese Datenschutzerkl\u00e4rung ge\u00e4ndert werden?<\/h4>\n\n<p>Diese Datenschutzerkl\u00e4rung wurde am 20.12.22 verfasst und kann jederzeit ge\u00e4ndert werden. Sie werden nicht vorab \u00fcber \u00c4nderungen informiert, sondern finden auf dieser Seite immer das letzte Ver\u00f6ffentlichungsdatum.<\/p>\n","protected":false},"excerpt":{"rendered":"<p>Roadbook-Magazine.ch nimmt den Umgang mit Daten sehr ernst. Wir verpflichten uns, das h\u00f6chste Schutzniveau f\u00fcr Ihre pers\u00f6nlichen Daten in \u00dcbereinstimmung mit dem Schweizer Gesetz und den geltenden europ\u00e4ischen Vorschriften zu gew\u00e4hrleisten. Wer verarbeitet Ihre Daten? Die gesammelten pers\u00f6nlichen Daten werden von Roadbook-Magazine.ch gespeichert und verarbeitet,2 March\u00e9s 13, 1005 Lausanne (nachfolgend Roadbook-Magazine.ch genannt). Um welche Daten [&hellip;]<\/p>\n","protected":false},"author":1,"featured_media":0,"parent":0,"menu_order":0,"comment_status":"closed","ping_status":"open","template":"","meta":{"footnotes":""},"class_list":["post-165","page","type-page","status-publish","hentry"],"yoast_head":"<!-- This site is optimized with the Yoast SEO plugin v19.13 - https:\/\/yoast.com\/wordpress\/plugins\/seo\/ -->\n<title>Datenschutzrichtlinie - Abonnement \u00e0 Roadbook-Magazine<\/title>\n<meta name=\"robots\" content=\"index, follow, max-snippet:-1, max-image-preview:large, max-video-preview:-1\" \/>\n<link rel=\"canonical\" href=\"https:\/\/abonnements.roadbook-magazine.ch\/de\/datenschutzrichtlinie\/\" \/>\n<meta property=\"og:locale\" content=\"de_DE\" \/>\n<meta property=\"og:type\" content=\"article\" \/>\n<meta property=\"og:title\" content=\"Datenschutzrichtlinie - Abonnement \u00e0 Roadbook-Magazine\" \/>\n<meta property=\"og:description\" content=\"Roadbook-Magazine.ch nimmt den Umgang mit Daten sehr ernst. Wir verpflichten uns, das h\u00f6chste Schutzniveau f\u00fcr Ihre pers\u00f6nlichen Daten in \u00dcbereinstimmung mit dem Schweizer Gesetz und den geltenden europ\u00e4ischen Vorschriften zu gew\u00e4hrleisten. Wer verarbeitet Ihre Daten? Die gesammelten pers\u00f6nlichen Daten werden von Roadbook-Magazine.ch gespeichert und verarbeitet,2 March\u00e9s 13, 1005 Lausanne (nachfolgend Roadbook-Magazine.ch genannt). Um welche Daten [&hellip;]\" \/>\n<meta property=\"og:url\" content=\"https:\/\/abonnements.roadbook-magazine.ch\/de\/datenschutzrichtlinie\/\" \/>\n<meta property=\"og:site_name\" content=\"Abonnement \u00e0 Roadbook-Magazine\" \/>\n<meta property=\"article:modified_time\" content=\"2023-01-06T08:43:38+00:00\" \/>\n<meta property=\"og:image\" content=\"https:\/\/abonnements.roadbook-magazine.ch\/wp-content\/uploads\/2022\/12\/Capture-decran-2022-12-19-a-14.20.31.png\" \/>\n\t<meta property=\"og:image:width\" content=\"1075\" \/>\n\t<meta property=\"og:image:height\" content=\"1340\" \/>\n\t<meta property=\"og:image:type\" content=\"image\/png\" \/>\n<meta name=\"twitter:card\" content=\"summary_large_image\" \/>\n<meta name=\"twitter:label1\" content=\"Gesch\u00e4tzte Lesezeit\" \/>\n\t<meta name=\"twitter:data1\" content=\"4\u00a0Minuten\" \/>\n<script type=\"application\/ld+json\" class=\"yoast-schema-graph\">{\"@context\":\"https:\/\/schema.org\",\"@graph\":[{\"@type\":\"WebPage\",\"@id\":\"https:\/\/abonnements.roadbook-magazine.ch\/de\/datenschutzrichtlinie\/\",\"url\":\"https:\/\/abonnements.roadbook-magazine.ch\/de\/datenschutzrichtlinie\/\",\"name\":\"Datenschutzrichtlinie - Abonnement \u00e0 Roadbook-Magazine\",\"isPartOf\":{\"@id\":\"https:\/\/abonnements.roadbook-magazine.ch\/#website\"},\"datePublished\":\"2022-12-19T10:34:44+00:00\",\"dateModified\":\"2023-01-06T08:43:38+00:00\",\"breadcrumb\":{\"@id\":\"https:\/\/abonnements.roadbook-magazine.ch\/de\/datenschutzrichtlinie\/#breadcrumb\"},\"inLanguage\":\"de\",\"potentialAction\":[{\"@type\":\"ReadAction\",\"target\":[\"https:\/\/abonnements.roadbook-magazine.ch\/de\/datenschutzrichtlinie\/\"]}]},{\"@type\":\"BreadcrumbList\",\"@id\":\"https:\/\/abonnements.roadbook-magazine.ch\/de\/datenschutzrichtlinie\/#breadcrumb\",\"itemListElement\":[{\"@type\":\"ListItem\",\"position\":1,\"name\":\"Accueil\",\"item\":\"https:\/\/abonnements.roadbook-magazine.ch\/de\/shop\/\"},{\"@type\":\"ListItem\",\"position\":2,\"name\":\"Datenschutzrichtlinie\"}]},{\"@type\":\"WebSite\",\"@id\":\"https:\/\/abonnements.roadbook-magazine.ch\/#website\",\"url\":\"https:\/\/abonnements.roadbook-magazine.ch\/\",\"name\":\"Abonnement \u00e0 Roadbook-Magazine\",\"description\":\"Abonnez-vous \u00e0 Roadbook-Magazine Swiss!\",\"publisher\":{\"@id\":\"https:\/\/abonnements.roadbook-magazine.ch\/#organization\"},\"potentialAction\":[{\"@type\":\"SearchAction\",\"target\":{\"@type\":\"EntryPoint\",\"urlTemplate\":\"https:\/\/abonnements.roadbook-magazine.ch\/?s={search_term_string}\"},\"query-input\":\"required name=search_term_string\"}],\"inLanguage\":\"de\"},{\"@type\":\"Organization\",\"@id\":\"https:\/\/abonnements.roadbook-magazine.ch\/#organization\",\"name\":\"Abonnement \u00e0 Roadbook-Magazine\",\"url\":\"https:\/\/abonnements.roadbook-magazine.ch\/\",\"logo\":{\"@type\":\"ImageObject\",\"inLanguage\":\"de\",\"@id\":\"https:\/\/abonnements.roadbook-magazine.ch\/#\/schema\/logo\/image\/\",\"url\":\"https:\/\/abonnements.roadbook-magazine.ch\/wp-content\/uploads\/2022\/12\/logo-footer.png\",\"contentUrl\":\"https:\/\/abonnements.roadbook-magazine.ch\/wp-content\/uploads\/2022\/12\/logo-footer.png\",\"width\":400,\"height\":56,\"caption\":\"Abonnement \u00e0 Roadbook-Magazine\"},\"image\":{\"@id\":\"https:\/\/abonnements.roadbook-magazine.ch\/#\/schema\/logo\/image\/\"}}]}<\/script>\n<!-- \/ Yoast SEO plugin. -->","yoast_head_json":{"title":"Datenschutzrichtlinie - Abonnement \u00e0 Roadbook-Magazine","robots":{"index":"index","follow":"follow","max-snippet":"max-snippet:-1","max-image-preview":"max-image-preview:large","max-video-preview":"max-video-preview:-1"},"canonical":"https:\/\/abonnements.roadbook-magazine.ch\/de\/datenschutzrichtlinie\/","og_locale":"de_DE","og_type":"article","og_title":"Datenschutzrichtlinie - Abonnement \u00e0 Roadbook-Magazine","og_description":"Roadbook-Magazine.ch nimmt den Umgang mit Daten sehr ernst. Wir verpflichten uns, das h\u00f6chste Schutzniveau f\u00fcr Ihre pers\u00f6nlichen Daten in \u00dcbereinstimmung mit dem Schweizer Gesetz und den geltenden europ\u00e4ischen Vorschriften zu gew\u00e4hrleisten. Wer verarbeitet Ihre Daten? Die gesammelten pers\u00f6nlichen Daten werden von Roadbook-Magazine.ch gespeichert und verarbeitet,2 March\u00e9s 13, 1005 Lausanne (nachfolgend Roadbook-Magazine.ch genannt). Um welche Daten [&hellip;]","og_url":"https:\/\/abonnements.roadbook-magazine.ch\/de\/datenschutzrichtlinie\/","og_site_name":"Abonnement \u00e0 Roadbook-Magazine","article_modified_time":"2023-01-06T08:43:38+00:00","og_image":[{"width":1075,"height":1340,"url":"https:\/\/abonnements.roadbook-magazine.ch\/wp-content\/uploads\/2022\/12\/Capture-decran-2022-12-19-a-14.20.31.png","type":"image\/png"}],"twitter_card":"summary_large_image","twitter_misc":{"Gesch\u00e4tzte Lesezeit":"4\u00a0Minuten"},"schema":{"@context":"https:\/\/schema.org","@graph":[{"@type":"WebPage","@id":"https:\/\/abonnements.roadbook-magazine.ch\/de\/datenschutzrichtlinie\/","url":"https:\/\/abonnements.roadbook-magazine.ch\/de\/datenschutzrichtlinie\/","name":"Datenschutzrichtlinie - Abonnement \u00e0 Roadbook-Magazine","isPartOf":{"@id":"https:\/\/abonnements.roadbook-magazine.ch\/#website"},"datePublished":"2022-12-19T10:34:44+00:00","dateModified":"2023-01-06T08:43:38+00:00","breadcrumb":{"@id":"https:\/\/abonnements.roadbook-magazine.ch\/de\/datenschutzrichtlinie\/#breadcrumb"},"inLanguage":"de","potentialAction":[{"@type":"ReadAction","target":["https:\/\/abonnements.roadbook-magazine.ch\/de\/datenschutzrichtlinie\/"]}]},{"@type":"BreadcrumbList","@id":"https:\/\/abonnements.roadbook-magazine.ch\/de\/datenschutzrichtlinie\/#breadcrumb","itemListElement":[{"@type":"ListItem","position":1,"name":"Accueil","item":"https:\/\/abonnements.roadbook-magazine.ch\/de\/shop\/"},{"@type":"ListItem","position":2,"name":"Datenschutzrichtlinie"}]},{"@type":"WebSite","@id":"https:\/\/abonnements.roadbook-magazine.ch\/#website","url":"https:\/\/abonnements.roadbook-magazine.ch\/","name":"Abonnement \u00e0 Roadbook-Magazine","description":"Abonnez-vous \u00e0 Roadbook-Magazine Swiss!","publisher":{"@id":"https:\/\/abonnements.roadbook-magazine.ch\/#organization"},"potentialAction":[{"@type":"SearchAction","target":{"@type":"EntryPoint","urlTemplate":"https:\/\/abonnements.roadbook-magazine.ch\/?s={search_term_string}"},"query-input":"required name=search_term_string"}],"inLanguage":"de"},{"@type":"Organization","@id":"https:\/\/abonnements.roadbook-magazine.ch\/#organization","name":"Abonnement \u00e0 Roadbook-Magazine","url":"https:\/\/abonnements.roadbook-magazine.ch\/","logo":{"@type":"ImageObject","inLanguage":"de","@id":"https:\/\/abonnements.roadbook-magazine.ch\/#\/schema\/logo\/image\/","url":"https:\/\/abonnements.roadbook-magazine.ch\/wp-content\/uploads\/2022\/12\/logo-footer.png","contentUrl":"https:\/\/abonnements.roadbook-magazine.ch\/wp-content\/uploads\/2022\/12\/logo-footer.png","width":400,"height":56,"caption":"Abonnement \u00e0 Roadbook-Magazine"},"image":{"@id":"https:\/\/abonnements.roadbook-magazine.ch\/#\/schema\/logo\/image\/"}}]}},"_links":{"self":[{"href":"https:\/\/abonnements.roadbook-magazine.ch\/de\/wp-json\/wp\/v2\/pages\/165","targetHints":{"allow":["GET"]}}],"collection":[{"href":"https:\/\/abonnements.roadbook-magazine.ch\/de\/wp-json\/wp\/v2\/pages"}],"about":[{"href":"https:\/\/abonnements.roadbook-magazine.ch\/de\/wp-json\/wp\/v2\/types\/page"}],"author":[{"embeddable":true,"href":"https:\/\/abonnements.roadbook-magazine.ch\/de\/wp-json\/wp\/v2\/users\/1"}],"replies":[{"embeddable":true,"href":"https:\/\/abonnements.roadbook-magazine.ch\/de\/wp-json\/wp\/v2\/comments?post=165"}],"version-history":[{"count":1,"href":"https:\/\/abonnements.roadbook-magazine.ch\/de\/wp-json\/wp\/v2\/pages\/165\/revisions"}],"predecessor-version":[{"id":166,"href":"https:\/\/abonnements.roadbook-magazine.ch\/de\/wp-json\/wp\/v2\/pages\/165\/revisions\/166"}],"wp:attachment":[{"href":"https:\/\/abonnements.roadbook-magazine.ch\/de\/wp-json\/wp\/v2\/media?parent=165"}],"curies":[{"name":"wp","href":"https:\/\/api.w.org\/{rel}","templated":true}]}}