{"id":163,"date":"2022-12-19T22:11:31","date_gmt":"2022-12-19T21:11:31","guid":{"rendered":"https:\/\/abonnements.roadbook-magazine.ch\/allgemeine-bedingungen\/"},"modified":"2023-01-06T09:41:36","modified_gmt":"2023-01-06T08:41:36","slug":"allgemeine-bedingungen","status":"publish","type":"page","link":"https:\/\/abonnements.roadbook-magazine.ch\/de\/allgemeine-bedingungen\/","title":{"rendered":"Allgemeine Bedingungen"},"content":{"rendered":"\n<p>ABONNEMENT<\/p>\n\n<p>Der Abonnementvertrag wird f\u00fcr ein Jahr oder vier Ausgaben abgeschlossen. Am Ende dieses Abonnements wird dem K\u00e4ufer eine Verl\u00e4ngerung angeboten, andernfalls endet das Abonnement automatisch.<\/p>\n\n<p>BEZAHLUNG<\/p>\n\n<p>Der K\u00e4ufer hat die Wahl, auf folgende Weise zu bezahlen: Kredit-\/Debitkarten: VISA, Mastercard, JCB, BancoContact. Bei Zahlung per Kredit-\/Debitkarte erfolgt die Zahlung zum Zeitpunkt der Bestellung. Die Transaktionen werden \u00fcber den MyPos-Dienst abgewickelt.<\/p>\n\n<p>SENDUNGEN UND LIEFERUNGEN<\/p>\n\n<p>Die Lieferungen erfolgen in der Schweiz per Post oder durch einen der \u00fcblichen Transporteure, wobei die Lieferung im Grundpreis des Abonnements enthalten ist. Europa und \u00fcbrige Welt: Es fallen zus\u00e4tzliche Geb\u00fchren an, die von den Posttarifen abh\u00e4ngen. Roadbook Magazine bem\u00fcht sich, die Ausgaben nach ihrem Erscheinen so schnell wie m\u00f6glich an die vom K\u00e4ufer bei der Bestellung angegebene Adresse zu versenden.  <\/p>\n\n<p>R\u00dcCKSENDUNGEN UND LIEFERUNG<\/p>\n\n<p>Der K\u00e4ufer verpflichtet sich, den Verk\u00e4ufer \u00fcber jede \u00c4nderung seiner Adresse w\u00e4hrend der Laufzeit des Abonnementvertrags zu informieren. Im Falle einer R\u00fccksendung an den Absender aufgrund einer Adress\u00e4nderung werden die betreffenden Nummern nicht an den K\u00e4ufer zur\u00fcckgesandt und es erfolgt keine R\u00fcckerstattung.<\/p>\n\n<p>LEGALE ADRESSE RoadBook Magazine Suisse, Jorge Guerreiro, Deux-March\u00e9s 13, 1005 Lausanne, Schweiz<\/p>\n","protected":false},"excerpt":{"rendered":"<p>ABONNEMENT Der Abonnementvertrag wird f\u00fcr ein Jahr oder vier Ausgaben abgeschlossen. Am Ende dieses Abonnements wird dem K\u00e4ufer eine Verl\u00e4ngerung angeboten, andernfalls endet das Abonnement automatisch. BEZAHLUNG Der K\u00e4ufer hat die Wahl, auf folgende Weise zu bezahlen: Kredit-\/Debitkarten: VISA, Mastercard, JCB, BancoContact. Bei Zahlung per Kredit-\/Debitkarte erfolgt die Zahlung zum Zeitpunkt der Bestellung. Die Transaktionen [&hellip;]<\/p>\n","protected":false},"author":1,"featured_media":0,"parent":0,"menu_order":0,"comment_status":"closed","ping_status":"closed","template":"","meta":{"footnotes":""},"class_list":["post-163","page","type-page","status-publish","hentry"],"yoast_head":"<!-- This site is optimized with the Yoast SEO plugin v19.13 - https:\/\/yoast.com\/wordpress\/plugins\/seo\/ -->\n<title>Allgemeine Bedingungen - Abonnement \u00e0 Roadbook-Magazine<\/title>\n<meta name=\"robots\" content=\"index, follow, max-snippet:-1, max-image-preview:large, max-video-preview:-1\" \/>\n<link rel=\"canonical\" href=\"https:\/\/abonnements.roadbook-magazine.ch\/de\/allgemeine-bedingungen\/\" \/>\n<meta property=\"og:locale\" content=\"de_DE\" \/>\n<meta property=\"og:type\" content=\"article\" \/>\n<meta property=\"og:title\" content=\"Allgemeine Bedingungen - Abonnement \u00e0 Roadbook-Magazine\" \/>\n<meta property=\"og:description\" content=\"ABONNEMENT Der Abonnementvertrag wird f\u00fcr ein Jahr oder vier Ausgaben abgeschlossen. Am Ende dieses Abonnements wird dem K\u00e4ufer eine Verl\u00e4ngerung angeboten, andernfalls endet das Abonnement automatisch. BEZAHLUNG Der K\u00e4ufer hat die Wahl, auf folgende Weise zu bezahlen: Kredit-\/Debitkarten: VISA, Mastercard, JCB, BancoContact. Bei Zahlung per Kredit-\/Debitkarte erfolgt die Zahlung zum Zeitpunkt der Bestellung. Die Transaktionen [&hellip;]\" \/>\n<meta property=\"og:url\" content=\"https:\/\/abonnements.roadbook-magazine.ch\/de\/allgemeine-bedingungen\/\" \/>\n<meta property=\"og:site_name\" content=\"Abonnement \u00e0 Roadbook-Magazine\" \/>\n<meta property=\"article:modified_time\" content=\"2023-01-06T08:41:36+00:00\" \/>\n<meta property=\"og:image\" content=\"https:\/\/abonnements.roadbook-magazine.ch\/wp-content\/uploads\/2022\/12\/Capture-decran-2022-12-19-a-14.20.31.png\" \/>\n\t<meta property=\"og:image:width\" content=\"1075\" \/>\n\t<meta property=\"og:image:height\" content=\"1340\" \/>\n\t<meta property=\"og:image:type\" content=\"image\/png\" \/>\n<meta name=\"twitter:card\" content=\"summary_large_image\" \/>\n<meta name=\"twitter:label1\" content=\"Gesch\u00e4tzte Lesezeit\" \/>\n\t<meta name=\"twitter:data1\" content=\"1\u00a0Minute\" \/>\n<script type=\"application\/ld+json\" class=\"yoast-schema-graph\">{\"@context\":\"https:\/\/schema.org\",\"@graph\":[{\"@type\":\"WebPage\",\"@id\":\"https:\/\/abonnements.roadbook-magazine.ch\/de\/allgemeine-bedingungen\/\",\"url\":\"https:\/\/abonnements.roadbook-magazine.ch\/de\/allgemeine-bedingungen\/\",\"name\":\"Allgemeine Bedingungen - Abonnement \u00e0 Roadbook-Magazine\",\"isPartOf\":{\"@id\":\"https:\/\/abonnements.roadbook-magazine.ch\/#website\"},\"datePublished\":\"2022-12-19T21:11:31+00:00\",\"dateModified\":\"2023-01-06T08:41:36+00:00\",\"breadcrumb\":{\"@id\":\"https:\/\/abonnements.roadbook-magazine.ch\/de\/allgemeine-bedingungen\/#breadcrumb\"},\"inLanguage\":\"de\",\"potentialAction\":[{\"@type\":\"ReadAction\",\"target\":[\"https:\/\/abonnements.roadbook-magazine.ch\/de\/allgemeine-bedingungen\/\"]}]},{\"@type\":\"BreadcrumbList\",\"@id\":\"https:\/\/abonnements.roadbook-magazine.ch\/de\/allgemeine-bedingungen\/#breadcrumb\",\"itemListElement\":[{\"@type\":\"ListItem\",\"position\":1,\"name\":\"Accueil\",\"item\":\"https:\/\/abonnements.roadbook-magazine.ch\/de\/shop\/\"},{\"@type\":\"ListItem\",\"position\":2,\"name\":\"Allgemeine Bedingungen\"}]},{\"@type\":\"WebSite\",\"@id\":\"https:\/\/abonnements.roadbook-magazine.ch\/#website\",\"url\":\"https:\/\/abonnements.roadbook-magazine.ch\/\",\"name\":\"Abonnement \u00e0 Roadbook-Magazine\",\"description\":\"Abonnez-vous \u00e0 Roadbook-Magazine Swiss!\",\"publisher\":{\"@id\":\"https:\/\/abonnements.roadbook-magazine.ch\/#organization\"},\"potentialAction\":[{\"@type\":\"SearchAction\",\"target\":{\"@type\":\"EntryPoint\",\"urlTemplate\":\"https:\/\/abonnements.roadbook-magazine.ch\/?s={search_term_string}\"},\"query-input\":\"required name=search_term_string\"}],\"inLanguage\":\"de\"},{\"@type\":\"Organization\",\"@id\":\"https:\/\/abonnements.roadbook-magazine.ch\/#organization\",\"name\":\"Abonnement \u00e0 Roadbook-Magazine\",\"url\":\"https:\/\/abonnements.roadbook-magazine.ch\/\",\"logo\":{\"@type\":\"ImageObject\",\"inLanguage\":\"de\",\"@id\":\"https:\/\/abonnements.roadbook-magazine.ch\/#\/schema\/logo\/image\/\",\"url\":\"https:\/\/abonnements.roadbook-magazine.ch\/wp-content\/uploads\/2022\/12\/logo-footer.png\",\"contentUrl\":\"https:\/\/abonnements.roadbook-magazine.ch\/wp-content\/uploads\/2022\/12\/logo-footer.png\",\"width\":400,\"height\":56,\"caption\":\"Abonnement \u00e0 Roadbook-Magazine\"},\"image\":{\"@id\":\"https:\/\/abonnements.roadbook-magazine.ch\/#\/schema\/logo\/image\/\"}}]}<\/script>\n<!-- \/ Yoast SEO plugin. -->","yoast_head_json":{"title":"Allgemeine Bedingungen - Abonnement \u00e0 Roadbook-Magazine","robots":{"index":"index","follow":"follow","max-snippet":"max-snippet:-1","max-image-preview":"max-image-preview:large","max-video-preview":"max-video-preview:-1"},"canonical":"https:\/\/abonnements.roadbook-magazine.ch\/de\/allgemeine-bedingungen\/","og_locale":"de_DE","og_type":"article","og_title":"Allgemeine Bedingungen - Abonnement \u00e0 Roadbook-Magazine","og_description":"ABONNEMENT Der Abonnementvertrag wird f\u00fcr ein Jahr oder vier Ausgaben abgeschlossen. Am Ende dieses Abonnements wird dem K\u00e4ufer eine Verl\u00e4ngerung angeboten, andernfalls endet das Abonnement automatisch. BEZAHLUNG Der K\u00e4ufer hat die Wahl, auf folgende Weise zu bezahlen: Kredit-\/Debitkarten: VISA, Mastercard, JCB, BancoContact. Bei Zahlung per Kredit-\/Debitkarte erfolgt die Zahlung zum Zeitpunkt der Bestellung. Die Transaktionen [&hellip;]","og_url":"https:\/\/abonnements.roadbook-magazine.ch\/de\/allgemeine-bedingungen\/","og_site_name":"Abonnement \u00e0 Roadbook-Magazine","article_modified_time":"2023-01-06T08:41:36+00:00","og_image":[{"width":1075,"height":1340,"url":"https:\/\/abonnements.roadbook-magazine.ch\/wp-content\/uploads\/2022\/12\/Capture-decran-2022-12-19-a-14.20.31.png","type":"image\/png"}],"twitter_card":"summary_large_image","twitter_misc":{"Gesch\u00e4tzte Lesezeit":"1\u00a0Minute"},"schema":{"@context":"https:\/\/schema.org","@graph":[{"@type":"WebPage","@id":"https:\/\/abonnements.roadbook-magazine.ch\/de\/allgemeine-bedingungen\/","url":"https:\/\/abonnements.roadbook-magazine.ch\/de\/allgemeine-bedingungen\/","name":"Allgemeine Bedingungen - Abonnement \u00e0 Roadbook-Magazine","isPartOf":{"@id":"https:\/\/abonnements.roadbook-magazine.ch\/#website"},"datePublished":"2022-12-19T21:11:31+00:00","dateModified":"2023-01-06T08:41:36+00:00","breadcrumb":{"@id":"https:\/\/abonnements.roadbook-magazine.ch\/de\/allgemeine-bedingungen\/#breadcrumb"},"inLanguage":"de","potentialAction":[{"@type":"ReadAction","target":["https:\/\/abonnements.roadbook-magazine.ch\/de\/allgemeine-bedingungen\/"]}]},{"@type":"BreadcrumbList","@id":"https:\/\/abonnements.roadbook-magazine.ch\/de\/allgemeine-bedingungen\/#breadcrumb","itemListElement":[{"@type":"ListItem","position":1,"name":"Accueil","item":"https:\/\/abonnements.roadbook-magazine.ch\/de\/shop\/"},{"@type":"ListItem","position":2,"name":"Allgemeine Bedingungen"}]},{"@type":"WebSite","@id":"https:\/\/abonnements.roadbook-magazine.ch\/#website","url":"https:\/\/abonnements.roadbook-magazine.ch\/","name":"Abonnement \u00e0 Roadbook-Magazine","description":"Abonnez-vous \u00e0 Roadbook-Magazine Swiss!","publisher":{"@id":"https:\/\/abonnements.roadbook-magazine.ch\/#organization"},"potentialAction":[{"@type":"SearchAction","target":{"@type":"EntryPoint","urlTemplate":"https:\/\/abonnements.roadbook-magazine.ch\/?s={search_term_string}"},"query-input":"required name=search_term_string"}],"inLanguage":"de"},{"@type":"Organization","@id":"https:\/\/abonnements.roadbook-magazine.ch\/#organization","name":"Abonnement \u00e0 Roadbook-Magazine","url":"https:\/\/abonnements.roadbook-magazine.ch\/","logo":{"@type":"ImageObject","inLanguage":"de","@id":"https:\/\/abonnements.roadbook-magazine.ch\/#\/schema\/logo\/image\/","url":"https:\/\/abonnements.roadbook-magazine.ch\/wp-content\/uploads\/2022\/12\/logo-footer.png","contentUrl":"https:\/\/abonnements.roadbook-magazine.ch\/wp-content\/uploads\/2022\/12\/logo-footer.png","width":400,"height":56,"caption":"Abonnement \u00e0 Roadbook-Magazine"},"image":{"@id":"https:\/\/abonnements.roadbook-magazine.ch\/#\/schema\/logo\/image\/"}}]}},"_links":{"self":[{"href":"https:\/\/abonnements.roadbook-magazine.ch\/de\/wp-json\/wp\/v2\/pages\/163","targetHints":{"allow":["GET"]}}],"collection":[{"href":"https:\/\/abonnements.roadbook-magazine.ch\/de\/wp-json\/wp\/v2\/pages"}],"about":[{"href":"https:\/\/abonnements.roadbook-magazine.ch\/de\/wp-json\/wp\/v2\/types\/page"}],"author":[{"embeddable":true,"href":"https:\/\/abonnements.roadbook-magazine.ch\/de\/wp-json\/wp\/v2\/users\/1"}],"replies":[{"embeddable":true,"href":"https:\/\/abonnements.roadbook-magazine.ch\/de\/wp-json\/wp\/v2\/comments?post=163"}],"version-history":[{"count":1,"href":"https:\/\/abonnements.roadbook-magazine.ch\/de\/wp-json\/wp\/v2\/pages\/163\/revisions"}],"predecessor-version":[{"id":164,"href":"https:\/\/abonnements.roadbook-magazine.ch\/de\/wp-json\/wp\/v2\/pages\/163\/revisions\/164"}],"wp:attachment":[{"href":"https:\/\/abonnements.roadbook-magazine.ch\/de\/wp-json\/wp\/v2\/media?parent=163"}],"curies":[{"name":"wp","href":"https:\/\/api.w.org\/{rel}","templated":true}]}}